{"id":2162,"date":"2024-01-28T20:05:41","date_gmt":"2024-01-28T19:05:41","guid":{"rendered":"https:\/\/szczesliwyzakatek.pl\/?page_id=2162"},"modified":"2024-01-28T20:05:41","modified_gmt":"2024-01-28T19:05:41","slug":"kontakt","status":"publish","type":"page","link":"https:\/\/szczesliwyzakatek.pl\/en\/kontakt\/","title":{"rendered":"Contact Information"},"content":{"rendered":"<p>\ud83c\udf1f <strong>Contact us at Happy Corner!<\/strong> \ud83c\udf1f<\/p>\n\n\n\n<p>Looking for a place where your creativity can flourish? You are in a great location! Happy Corner is a space for your ideas, products, and inspiration. We want to hear from you!<\/p>\n\n\n\n<p><strong>Here&#039;s how you can contact us:<\/strong><\/p>\n\n\n\n<p>\ud83d\udce7 Email Address: <a>zakatek@krei.pl<\/a><\/p>\n\n\n\n<p>Let your ideas feed our community! Visit our website <a href=\"https:\/\/szczesliwyzakatek.pl\/en\/\">szczesliwyzakatek.pl<\/a> and join our colorful and creative family!<\/p>","protected":false},"excerpt":{"rendered":"<p>&#x1f31f; Kontaktuj si\u0119 z nami w Szcz\u0119\u015bliwym Zak\u0105tku! &#x1f31f; Szukasz miejsca, gdzie Twoja kreatywno\u015b\u0107 mo\u017ce rozkwitn\u0105\u0107? Jeste\u015b w doskona\u0142ym miejscu! &#8222;Szcz\u0119\u015bliwy Zak\u0105tek&#8221; to przestrze\u0144 dla Twoich pomys\u0142\u00f3w, produkt\u00f3w i inspiracji. Chcemy od Ciebie us\u0142ysze\u0107! Oto jak mo\u017cesz si\u0119 z nami skontaktowa\u0107: &#x1f4e7; E-mail: zakatek@krei.pl Niech Twoje pomys\u0142y zasil\u0105 nasz\u0105 spo\u0142eczno\u015b\u0107! Odwied\u017a nasz\u0105 stron\u0119 szczesliwyzakatek.pl i &#8230; <a title=\"Contact Information\" class=\"read-more\" href=\"https:\/\/szczesliwyzakatek.pl\/en\/kontakt\/\" aria-label=\"Read more about Kontakt\">Read more<\/a><\/p>","protected":false},"author":2,"featured_media":0,"parent":0,"menu_order":0,"comment_status":"closed","ping_status":"closed","template":"","meta":{"_seopress_robots_primary_cat":"","_seopress_titles_title":"","_seopress_titles_desc":"","_seopress_robots_index":"","footnotes":""},"class_list":["post-2162","page","type-page","status-publish"],"_links":{"self":[{"href":"https:\/\/szczesliwyzakatek.pl\/en\/wp-json\/wp\/v2\/pages\/2162","targetHints":{"allow":["GET"]}}],"collection":[{"href":"https:\/\/szczesliwyzakatek.pl\/en\/wp-json\/wp\/v2\/pages"}],"about":[{"href":"https:\/\/szczesliwyzakatek.pl\/en\/wp-json\/wp\/v2\/types\/page"}],"author":[{"embeddable":true,"href":"https:\/\/szczesliwyzakatek.pl\/en\/wp-json\/wp\/v2\/users\/2"}],"replies":[{"embeddable":true,"href":"https:\/\/szczesliwyzakatek.pl\/en\/wp-json\/wp\/v2\/comments?post=2162"}],"version-history":[{"count":1,"href":"https:\/\/szczesliwyzakatek.pl\/en\/wp-json\/wp\/v2\/pages\/2162\/revisions"}],"predecessor-version":[{"id":2165,"href":"https:\/\/szczesliwyzakatek.pl\/en\/wp-json\/wp\/v2\/pages\/2162\/revisions\/2165"}],"wp:attachment":[{"href":"https:\/\/szczesliwyzakatek.pl\/en\/wp-json\/wp\/v2\/media?parent=2162"}],"curies":[{"name":"wp","href":"https:\/\/api.w.org\/{rel}","templated":true}]}}