{"id":12,"date":"2020-01-26T14:04:47","date_gmt":"2020-01-26T13:04:47","guid":{"rendered":"http:\/\/szczesliwyzakatek.pl\/?page_id=12"},"modified":"2021-03-17T22:16:38","modified_gmt":"2021-03-17T21:16:38","slug":"wewnetrzne-zrodlo-choroby-psychicznej","status":"publish","type":"page","link":"https:\/\/szczesliwyzakatek.pl\/en\/wewnetrzne-zrodlo-choroby-psychicznej\/","title":{"rendered":"Wewn\u0119trzne \u017ar\u00f3d\u0142o choroby psychicznej"},"content":{"rendered":"<p>[et_pb_section fb_built=&#8221;1&#8243; admin_label=&#8221;section&#8221; _builder_version=&#8221;3.22&#8243;][et_pb_row admin_label=&#8221;row&#8221; _builder_version=&#8221;3.25&#8243; background_size=&#8221;initial&#8221; background_position=&#8221;top_left&#8221; background_repeat=&#8221;repeat&#8221;][et_pb_column type=&#8221;4_4&#8243; _builder_version=&#8221;3.25&#8243; custom_padding=&#8221;|||&#8221; custom_padding__hover=&#8221;|||&#8221;][et_pb_text admin_label=&#8221;Text&#8221; _builder_version=&#8221;3.27.4&#8243; background_size=&#8221;initial&#8221; background_position=&#8221;top_left&#8221; background_repeat=&#8221;repeat&#8221;]<\/p>\n<p>Przyk\u0142ady z poprzednich akapit\u00f3w podali\u015bmy po to, aby pokaza\u0107 pewien mechanizm, odnosz\u0105 si\u0119 one do \u015bwiata doros\u0142ego, mo\u017cna rzec werbalnego, takiego kt\u00f3ry jeste\u015bmy w stanie wys\u0142owi\u0107 i zrozumie\u0107 my\u015blami opartymi o s\u0142owa. Ta zdolno\u015b\u0107 uczenia si\u0119 nie powsta\u0142a jednak wraz z rozwojem i poznaniem s\u0142\u00f3w, mamy j\u0105 niejako wrodzon\u0105. Tak po prostu funkcjonuje nasz organizm, znaczna cz\u0119\u015b\u0107 wewn\u0119trznych funkcji w organizmie np. trawienie, utrzymanie ciep\u0142oty cia\u0142a, oddychanie, dzieje si\u0119 po prostu z automatu, niejako we \u201e\u015bnie\u201d poza prac\u0105 \u015bwiadomym my\u015bleniem, nauczyli\u015bmy si\u0119 tych czynno\u015bci, praktycznie b\u0119d\u0105c jeszcze w \u0142onie matki, przed poznaniem jakiegokolwiek s\u0142owa.<\/p>\n<p>Wszystko to z automatu dzieje si\u0119 oczywi\u015bcie do czasu, gdy nie natrafimy np. g\u0142\u00f3d, na zbyt gor\u0105ce, czy te\u017c przesolone jedzenie, zbyt zimne pomieszczenie, czy te\u017c zatrute powietrze, wtedy nasz m\u00f3zg o ile da rad\u0119, b\u0119dzie nas pr\u00f3bowa\u0142 wybudzi\u0107 z automatycznego zachowania, i wywo\u0142a\u0107 jak\u0105kolwiek reakcj\u0119, by nas ratowa\u0107. Dziecko przyk\u0142adowo zareaguje p\u0142aczem, krzyw\u0105 min\u0105, jak i te\u017c jakimkolwiek innym znakiem, kt\u00f3rego si\u0119 nauczy\u0142o i mo\u017ce by\u0107 przez kogo\u015b w otoczeniu odebrany. Dojrzalszy wybudzony delikatnym poparzeniem cz\u0142owiek zaczyna np. dmucha\u0107 na takowe jedzenie, by je sch\u0142odzi\u0107 i nie dozna\u0107 b\u00f3lu. Co si\u0119 jednak stanie, gdy nie us\u0142yszymy tych dzwonk\u00f3w i nie damy si\u0119 wybudzi\u0107?<\/p>\n<p>Zanim jednak do tego przejdziemy, zadajmy sobie pytanie, dlaczego mo\u017cemy nie us\u0142ysze\u0107 w\u0142asnego organizmu, kt\u00f3ry chce nas ratowa\u0107? Sprawa z pocz\u0105tku jest banalnie prosta, by si\u0119 wydawa\u0142o, dziecko mo\u017ce chcie\u0107 przyjmowa\u0107 gor\u0105ce parz\u0105ce jedzenie, bo mo\u017ce by\u0107 np. przymuszone, bo w przeciwnym wypadku rodzic je zbije, albo b\u0119dzie z\u0142y, albo te\u017c zwyczajnie poza por\u0105 karmienia nie ma z rodzicem kontaktu. Dlatego te\u017c zachodzi decyzja podj\u0119cia nieprzyjemno\u015bci bycia oparzonym, np. na rzecz potrzeby blisko\u015bci, kt\u00f3ra w danym momencie wydaje si\u0119 by\u0107 wa\u017cniejsza, czy te\u017c prze\u017cycia mniejszego b\u00f3lu teraz w wypadku poparzenia, ni\u017c b\u00f3lu w postaci mo\u017cliwego uderzenia przez rodzica. Podobnie w \u017cyciu doros\u0142ym, decydujemy si\u0119 np. na jedzenie przesolonego niesmacznego jedzenia, po to, by nie urazi\u0107 kucharza, z kt\u00f3rym chcemy mie\u0107 dobre relacje (bo to np. nasza przysz\u0142a te\u015bciowa, albo te\u017c szef, kt\u00f3ry mo\u017ce nas pozbawi\u0107 pensji).<\/p>\n<p>I tu pojawia si\u0119 problem, bo wpadamy w pewnego rodzaju, mo\u017cna to nazwa\u0107 wir zachowa\u0144. Raz podj\u0119ta mo\u017cna powiedzie\u0107 \u015bwiadomie (cho\u0107 nie zawsze werbalnymi my\u015blami) decyzja niepos\u0142uchania w\u0142asnego wewn\u0119trznego ratuj\u0105cego nas g\u0142osu, jest otwarciem pewnego rodzaju \u015bcie\u017cki uczenia si\u0119. Ten sam mechanizm uczenia si\u0119, kt\u00f3ry s\u0142u\u017cy nam ku temu, by sprawniej dzia\u0142a\u0107, np. oddycha\u0107, czy te\u017c prowadzi\u0107 samoch\u00f3d. W tym przypadku s\u0142u\u017cy nam do uczenia si\u0119 wzorc\u00f3w przeciwnych wobec naszego koj\u0105cego wewn\u0119trznego g\u0142osu \u2014 wewn\u0119trznego obiektu opieku\u0144czego.<\/p>\n<p>Innymi s\u0142owy, jedno podj\u0119cie decyzji wbrew wewn\u0119trznemu ukojeniu, na rzecz chwilowej korzy\u015bci rodzi pewnego rodzaju wzorzec zachowa\u0144, kt\u00f3ry doprowadza do tego, \u017ce jeste\u015bmy coraz dalej od wewn\u0119trznego ukojenia. Oddalamy si\u0119 coraz dalej od siebie samego, wewn\u0119trzny g\u0142os jednak nie pozostaje cicho\u2026 do dyspozycji ma co\u015b, co nazywamy emocjami, jak i nasze cia\u0142o. Zaczynaj\u0105 si\u0119 z nami dzia\u0107 r\u00f3\u017cne rzeczy, kt\u00f3re z jednej strony przypisujemy pod dolegliwo\u015bci psychiczne, z innej pod dolegliwo\u015bci duchowe, a jeszcze z innej pod choroby cielesne. Mo\u017cna tu praktycznie wypisa\u0107 wszystkie rzeczy, pocz\u0105wszy od zwyk\u0142ego braku asertywno\u015bci, bezsenno\u015b\u0107, <a href=\"https:\/\/adiuta.pl\/depresja\/\">depresje<\/a>, stany l\u0119kowe <a href=\"https:\/\/adiuta.pl\/zaburzenia-odzywiania-anoreksja-bulimia-otylosc-ortoreksja-pomoc-psychologiczna-w-warszawie\/\">problemy z od\u017cywianiem<\/a>, anoreksje, bulimie, urojenia, wizje a\u017c po zwyk\u0142e <a href=\"https:\/\/adiuta.pl\/choroby-psychosomatyczne\/\">choroby cielesne<\/a> kaszel, wrzody, dolegliwo\u015bci jelitowe, a nawet nowotwory. Nie mamy rzecz jasna pewno\u015bci, ale wiele obserwacji, jak i zebranej przez ludzko\u015b\u0107 wiedzy wskazuje na to, \u017ce wi\u0119kszo\u015b\u0107, jak nie wszystkie nasze problemy zaczyna si\u0119 w\u0142a\u015bnie od naszego wn\u0119trza, od braku kontaktu z naszym wewn\u0119trznym g\u0142osem.<\/p>\n<p>&nbsp;<\/p>\n<p>[\/et_pb_text][\/et_pb_column][\/et_pb_row][\/et_pb_section]<\/p>\n","protected":false},"excerpt":{"rendered":"<p>[et_pb_section fb_built=&#8221;1&#8243; admin_label=&#8221;section&#8221; _builder_version=&#8221;3.22&#8243;][et_pb_row admin_label=&#8221;row&#8221; _builder_version=&#8221;3.25&#8243; background_size=&#8221;initial&#8221; background_position=&#8221;top_left&#8221; background_repeat=&#8221;repeat&#8221;][et_pb_column type=&#8221;4_4&#8243; _builder_version=&#8221;3.25&#8243; custom_padding=&#8221;|||&#8221; custom_padding__hover=&#8221;|||&#8221;][et_pb_text admin_label=&#8221;Text&#8221; _builder_version=&#8221;3.27.4&#8243; background_size=&#8221;initial&#8221; background_position=&#8221;top_left&#8221; background_repeat=&#8221;repeat&#8221;] Przyk\u0142ady z poprzednich akapit\u00f3w podali\u015bmy po to, aby pokaza\u0107 pewien mechanizm, odnosz\u0105 si\u0119 one do \u015bwiata doros\u0142ego, mo\u017cna rzec werbalnego, takiego kt\u00f3ry jeste\u015bmy w stanie wys\u0142owi\u0107 i zrozumie\u0107 my\u015blami opartymi o s\u0142owa. Ta zdolno\u015b\u0107 uczenia si\u0119 nie &#8230; <a title=\"Wewn\u0119trzne \u017ar\u00f3d\u0142o choroby psychicznej\" class=\"read-more\" href=\"https:\/\/szczesliwyzakatek.pl\/en\/wewnetrzne-zrodlo-choroby-psychicznej\/\" aria-label=\"Read more about Wewn\u0119trzne \u017ar\u00f3d\u0142o choroby psychicznej\">Read more<\/a><\/p>\n","protected":false},"author":2,"featured_media":0,"parent":0,"menu_order":0,"comment_status":"closed","ping_status":"closed","template":"","meta":{"_seopress_robots_primary_cat":"","_seopress_titles_title":"","_seopress_titles_desc":"","_seopress_robots_index":"","footnotes":""},"class_list":["post-12","page","type-page","status-publish"],"_links":{"self":[{"href":"https:\/\/szczesliwyzakatek.pl\/en\/wp-json\/wp\/v2\/pages\/12","targetHints":{"allow":["GET"]}}],"collection":[{"href":"https:\/\/szczesliwyzakatek.pl\/en\/wp-json\/wp\/v2\/pages"}],"about":[{"href":"https:\/\/szczesliwyzakatek.pl\/en\/wp-json\/wp\/v2\/types\/page"}],"author":[{"embeddable":true,"href":"https:\/\/szczesliwyzakatek.pl\/en\/wp-json\/wp\/v2\/users\/2"}],"replies":[{"embeddable":true,"href":"https:\/\/szczesliwyzakatek.pl\/en\/wp-json\/wp\/v2\/comments?post=12"}],"version-history":[{"count":3,"href":"https:\/\/szczesliwyzakatek.pl\/en\/wp-json\/wp\/v2\/pages\/12\/revisions"}],"predecessor-version":[{"id":85,"href":"https:\/\/szczesliwyzakatek.pl\/en\/wp-json\/wp\/v2\/pages\/12\/revisions\/85"}],"wp:attachment":[{"href":"https:\/\/szczesliwyzakatek.pl\/en\/wp-json\/wp\/v2\/media?parent=12"}],"curies":[{"name":"wp","href":"https:\/\/api.w.org\/{rel}","templated":true}]}}