{"id":107,"date":"2023-03-06T14:29:50","date_gmt":"2023-03-06T13:29:50","guid":{"rendered":"https:\/\/szczesliwyzakatek.pl\/?page_id=107"},"modified":"2024-01-28T20:16:49","modified_gmt":"2024-01-28T19:16:49","slug":"o-nas","status":"publish","type":"page","link":"https:\/\/szczesliwyzakatek.pl\/en\/o-nas\/","title":{"rendered":"about us"},"content":{"rendered":"<p>Happy Corner is a portal full of positive energy and inspiration. Here you will find articles that combine a passion for cooking, a love of travel, an interest in new technologies , and a concern for health and well-being. Each text is like a delicious snack for the mind, filled with ideas and tips that will make your daily life colorful. It&#039;s a place where humor mixes with wisdom, and everyone has something for themselves-whether it&#039;s healthy lifestyle tips or inspiration for your next trip. You can find more at <a href=\"https:\/\/szczesliwyzakatek.pl\/en\/\" target=\"_new\" rel=\"noopener\">Happy Corner<\/a>. \ud83d\ude80\ud83c\udf08\ud83c\udf89<\/p>","protected":false},"excerpt":{"rendered":"<p>Szcz\u0119\u015bliwy Zak\u0105tek to portal pe\u0142en pozytywnej energii i inspiracji &#x1f31f;. Tutaj znajdziesz artyku\u0142y, kt\u00f3re \u0142\u0105cz\u0105 pasj\u0119 do gotowania &#x1f373;, mi\u0142o\u015b\u0107 do podr\u00f3\u017cy &#x1f30d;, zaciekawienie nowymi technologiami &#x1f4f1; i trosk\u0119 o zdrowie i dobre samopoczucie &#x1f4aa;. Ka\u017cdy tekst jest jak smakowita przek\u0105ska dla umys\u0142u, pe\u0142na pomys\u0142\u00f3w i wskaz\u00f3wek, kt\u00f3re sprawi\u0105, \u017ce Twoje codzienne \u017cycie nabierze kolor\u00f3w. &#8230; <a title=\"about us\" class=\"read-more\" href=\"https:\/\/szczesliwyzakatek.pl\/en\/o-nas\/\" aria-label=\"Read more about O Nas\">Read more<\/a><\/p>","protected":false},"author":2,"featured_media":0,"parent":0,"menu_order":0,"comment_status":"closed","ping_status":"closed","template":"","meta":{"_seopress_robots_primary_cat":"","_seopress_titles_title":"","_seopress_titles_desc":"","_seopress_robots_index":"","footnotes":""},"class_list":["post-107","page","type-page","status-publish"],"_links":{"self":[{"href":"https:\/\/szczesliwyzakatek.pl\/en\/wp-json\/wp\/v2\/pages\/107","targetHints":{"allow":["GET"]}}],"collection":[{"href":"https:\/\/szczesliwyzakatek.pl\/en\/wp-json\/wp\/v2\/pages"}],"about":[{"href":"https:\/\/szczesliwyzakatek.pl\/en\/wp-json\/wp\/v2\/types\/page"}],"author":[{"embeddable":true,"href":"https:\/\/szczesliwyzakatek.pl\/en\/wp-json\/wp\/v2\/users\/2"}],"replies":[{"embeddable":true,"href":"https:\/\/szczesliwyzakatek.pl\/en\/wp-json\/wp\/v2\/comments?post=107"}],"version-history":[{"count":2,"href":"https:\/\/szczesliwyzakatek.pl\/en\/wp-json\/wp\/v2\/pages\/107\/revisions"}],"predecessor-version":[{"id":2169,"href":"https:\/\/szczesliwyzakatek.pl\/en\/wp-json\/wp\/v2\/pages\/107\/revisions\/2169"}],"wp:attachment":[{"href":"https:\/\/szczesliwyzakatek.pl\/en\/wp-json\/wp\/v2\/media?parent=107"}],"curies":[{"name":"wp","href":"https:\/\/api.w.org\/{rel}","templated":true}]}}